{"id":1009,"date":"2014-04-14T08:14:01","date_gmt":"2014-04-14T08:14:01","guid":{"rendered":"http:\/\/decotta.wpsine-dev.com\/privacy-2\/"},"modified":"2018-10-08T08:03:07","modified_gmt":"2018-10-08T08:03:07","slug":"privacy","status":"publish","type":"page","link":"https:\/\/decottalaw.com\/es\/privacy\/","title":{"rendered":"POL\u00cdTICA DE PRIVACIDAD"},"content":{"rendered":"<h2 style=\"text-align: center;\"><strong>\u00a0<\/strong><\/h2>\n<ol>\n<li><strong>INFORMACION GENERAL.<\/strong><\/li>\n<\/ol>\n<p style=\"text-align: justify;\">Por medio del presente aviso DE COTTA MCKENNA Y SANTAFE S.L.P. \u00a0(en adelante, \u201cDE COTTA LAW\u201d con CIF B92141563 y domicilio social en Centro Comercial Valdepinos 1-3A, Urbanizaci\u00f3n Calypso, 29649 Mijas Costa (Espa\u00f1a), le informa sobre cu\u00e1l es su Pol\u00edtica de Privacidad (en adelante, \u201cPol\u00edtica de Privacidad\u201d) que ser\u00e1 de aplicaci\u00f3n respecto a todos los datos de car\u00e1cter personal de los usuarios mayores de dieciocho a\u00f1os que tratemos y que nos sean comunicados por medio de nuestra web (en adelante \u201cSitio Web\u201d).<\/p>\n<p style=\"text-align: justify;\">DE COTTA LAW se reserva el derecho a modificar su Pol\u00edtica de Privacidad de acuerdo a su criterio, a causa de un cambio normativo o de la pr\u00e1ctica de la organizaci\u00f3n. Tales modificaciones ser\u00e1n publicadas en este Sitio Web, facilitando los recursos necesarios al usuario, para acceder a la lectura de los mismos. En cualquier caso, la relaci\u00f3n con los usuarios se regir\u00e1 por las normas previstas en el momento preciso en que se accede al Sitio Web.<\/p>\n<p style=\"text-align: justify;\">Le recomendamos que lea detenidamente esta Pol\u00edtica de Privacidad, cuyo contenido e informaci\u00f3n es importante para comprender cu\u00e1l es nuestra pr\u00e1ctica respecto al tratamiento de los datos de car\u00e1cter personal proporcionados o que recopilemos de otro modo por medio del Sitio Web (en adelante, \u201cDatos Personales\u201d). DE COTTA LAW es el responsable del tratamiento de los Datos Personales.<\/p>\n<ol start=\"2\">\n<li><strong>DATOS PERSONALES RECOPILADOS<\/strong>.<\/li>\n<\/ol>\n<p style=\"text-align: justify;\">Para determinados fines indicados en el Sitio Web ser\u00e1 necesario que utilicemos sus datos personales, en concreto si su intenci\u00f3n es utilizar ciertos servicios que ofrecemos o efectuar solicitudes, y con el fin de poder dar respuesta a su consulta o petici\u00f3n, enviarle nuestra newsletters u otro tipo de informaci\u00f3n que pudiera ser de su inter\u00e9s. Adem\u00e1s de la informaci\u00f3n que debe proporcionarnos, le informamos que recogemos informaci\u00f3n aparejada a la mera navegaci\u00f3n por nuestro Sitio Web.<\/p>\n<p style=\"text-align: justify;\">A continuaci\u00f3n le indicamos el tipo de Datos Personales que tratamos, las finalidades para lo que lo hacemos y el plazo de conservaci\u00f3n de los mismos:<\/p>\n<p style=\"text-align: justify;\">1.- Servicio al cliente. Tratamos datos identificativos y de contacto para responder a preguntas relacionadas con nuestros servicios. Nuestra legitimaci\u00f3n estar\u00e1 basada en el inter\u00e9s leg\u00edtimo de DE COTTA LAW para tratar sus datos con el fin de responder a su solicitud.<\/p>\n<p style=\"text-align: justify;\">Conservaremos la informaci\u00f3n de sus datos durante un plazo m\u00e1ximo de cuatro a\u00f1os a contar desde que se haya resuelto su consulta.<\/p>\n<p style=\"text-align: justify;\">2.- Env\u00edo de newsletters. Utilizamos su direcci\u00f3n de correo electr\u00f3nico y el resto de datos de contacto que nos facilite para enviarle informaci\u00f3n de nuestros servicios, incluyendo nuestras newsletters. Si no desea recibir informaci\u00f3n de la indicada puede cancelar su suscripci\u00f3n en cualquier momento utilizando la funci\u00f3n de cancelaci\u00f3n de suscripci\u00f3n que se le facilita con<strong> c<\/strong>ada mensaje de correo electr\u00f3nico o bien poni\u00e9ndose en contacto con nosotros.<\/p>\n<p style=\"text-align: justify;\">Nuestra legitimaci\u00f3n estar\u00e1 basada en el consentimiento expl\u00edcito que nos facilita. Conservaremos sus datos, salvo que nos comunique que opta por no recibir nuestras comunicaciones comerciales o bien durante un plazo de cuatro a\u00f1os, en los casos en los que no hubiera interactuado con las comunicaciones remitidas.<\/p>\n<ol start=\"3\">\n<li style=\"text-align: justify;\">Env\u00edo de C.V. Utilizamos su direcci\u00f3n de correo electr\u00f3nico y el resto de datos de contacto y curriculares que nos facilite para incorporarlo a nuestra bolsa de trabajo.<\/li>\n<\/ol>\n<p style=\"text-align: justify;\">Nuestra legitimaci\u00f3n estar\u00e1 basada en el consentimiento expl\u00edcito que nos facilita. Conservaremos sus datos, salvo que nos comunique su cancelaci\u00f3n o durante un plazo m\u00e1ximo de dos a\u00f1os a contar desde que nos haya facilitado sus datos.<\/p>\n<ol start=\"4\">\n<li style=\"text-align: justify;\">Contrataci\u00f3n de servicios. Utilizaremos y conservaremos sus datos personales necesarios para gestionar nuestra relaci\u00f3n contractual con usted en relaci\u00f3n a los servicios elegidos por usted a trav\u00e9s del presente Sitio Web. A tal fin conservaremos sus datos durante el plazo necesario para el cumplimiento de los derechos y obligaciones derivados del tipo de contrataci\u00f3n que efect\u00fae.<\/li>\n<li style=\"text-align: justify;\">No obstante se guardar\u00e1n igualmente sus datos personales indicados, en aquellos supuestos en los que por ley tengamos que conservarlos o en los casos en que se guarden para cualquier otro fin para el que estemos legitimados.<\/li>\n<\/ol>\n<p>3.<strong> CESI\u00d3N DE DATOS<\/strong><\/p>\n<p style=\"text-align: justify;\">Los datos proporcionados se conservar\u00e1n mientras se mantenga la relaci\u00f3n comercial o durante los a\u00f1os necesarios para cumplir con las obligaciones legales. Los datos no se ceder\u00e1n a terceros salvo en los casos en que exista una obligaci\u00f3n legal.<\/p>\n<p>4. <strong>MEDIDAS DE SEGURIDAD.<\/strong><\/p>\n<p style=\"text-align: justify;\">Al amparo de la normativa aplicable en materia de protecci\u00f3n de datos personales respetamos su privacidad y nos comprometemos a guardar sus Datos Personales de forma segura, as\u00ed como a gestionarlos de acuerdo con nuestras obligaciones legales en materia de privacidad y seguridad.<\/p>\n<p style=\"text-align: justify;\">Para ello dispondremos de las medidas t\u00e9cnicas, f\u00edsicas y organizativas necesarias para proteger sus Datos Personales recopilados a trav\u00e9s del Sitio Web contra el mal uso, destrucci\u00f3n, p\u00e9rdida, alteraci\u00f3n, divulgaci\u00f3n, adquisici\u00f3n, acceso accidental, ilegal o no autorizado.<\/p>\n<p style=\"text-align: justify;\">No obstante, usted es consciente de que las medidas de seguridad en Internet no son inexpugnables y por ello no nos responsabilizamos del acceso no autorizado o no intencionado que est\u00e9 fuera de nuestro control.<\/p>\n<p>5<strong>. SITIO WEB Y ENLACES.<\/strong><\/p>\n<p style=\"text-align: justify;\">Nuestro Sitio Web puede contener enlaces a otros sitios web pertenecientes a terceros. No somos responsables de las pr\u00e1cticas de privacidad, contenido o seguridad utilizados por esos otros sitios web que no se rigen en ning\u00fan caso por la presente Pol\u00edtica de Privacidad. Nuestra recomendaci\u00f3n es que lea atentamente las pol\u00edticas de privacidad de cualquier sitio web ajeno a DE COTTA LAW.<\/p>\n<p>6. <strong>COOKIES<\/strong>.<\/p>\n<p style=\"text-align: justify;\">Cierta informaci\u00f3n referida en esta Pol\u00edtica de Privacidad se recopila a trav\u00e9s de nuestro uso de cookies. Las cookies son peque\u00f1os archivos de texto que contienen informaci\u00f3n que se descarga y se puede almacenar en su dispositivo de usuario (ordenador, Smartphone, Tablet).<\/p>\n<p style=\"text-align: justify;\">Estas cookies pueden ser necesarias para recordar la configuraci\u00f3n de su cuenta, el idioma y el pa\u00eds, y otras adem\u00e1s permiten medir y analizar su comportamiento en nuestro Sitio Web y mostrarle anuncios personalizados en nuestro Sitio Web o en sitios web de terceros.<\/p>\n<p style=\"text-align: justify;\">Cuando sea necesario, se le pedir\u00e1 su consentimiento para nuestro uso de cookies. Para ello puede encontrar m\u00e1s informaci\u00f3n sobre qu\u00e9 cookies usamos y c\u00f3mo las utilizamos en nuestra secci\u00f3n de Pol\u00edtica de Cookies.<\/p>\n<p>7.<strong> DERECHOS QUE PUEDE EJERCITAR.<\/strong><\/p>\n<p style=\"text-align: justify;\">Previa presentaci\u00f3n de su documento nacional de identidad o pasaporte, los titulares de los datos personales (interesados) podr\u00e1n ejercer sus derechos de acceso, rectificaci\u00f3n, supresi\u00f3n, oposici\u00f3n y portabilidad. El responsable del tratamiento deber\u00e1 dar respuesta a los interesados sin dilaci\u00f3n indebida.<\/p>\n<ul style=\"text-align: justify;\">\n<li>Para el derecho de acceso se facilitar\u00e1 a los interesados la lista de los datos personales de que disponga junto con la finalidad para la que han sido recogidos, la identidad de los destinatarios de los datos, los plazos de conservaci\u00f3n, y la identidad del responsable ante el que pueden solicitar la rectificaci\u00f3n supresi\u00f3n y oposici\u00f3n al tratamiento de los datos.<\/li>\n<li>Para el derecho de rectificaci\u00f3n se proceder\u00e1 a modificar los datos de los interesados que fueran inexactos o incompletos atendiendo a los fines del tratamiento.<\/li>\n<li>Para el derecho de supresi\u00f3n se suprimir\u00e1n los datos de los interesados cuando los interesados manifiesten su negativa u oposici\u00f3n al consentimiento para el tratamiento de sus datos y no exista deber legal que lo impida.<\/li>\n<li>Para el derecho de portabilidad los interesados deber\u00e1n comunicar su decisi\u00f3n e informar al responsable, en su caso, sobre la identidad del nuevo responsable al que facilitar sus datos personales.<\/li>\n<\/ul>\n<p style=\"text-align: justify;\">Para ejercitar los derechos mencionados debe dirigirse por escrito a <strong>DE COTTA MCKENNA S.L.P.<\/strong>, mediante comunicaci\u00f3n a la siguiente direcci\u00f3n de correo electr\u00f3nico: <a href=\"mailto:info@decottalaw.net\"><em>info@decottalaw.net<\/em><\/a> , deber\u00e1 aportar copia de su DNI o documento oficial en vigor que le acredite.<\/p>\n<p>&nbsp;<\/p>\n<p><strong>Company: De Cotta McKenna &amp; Santaf\u00e9 S.L.P<\/strong><br \/>\n<strong>Contact: Sandra Wrighston<\/strong><br \/>\n<strong>Address: Centro Comercial Valdepinos 1 y 3\u00aa, Urb. Calypso<\/strong><br \/>\n<strong>Town: Mijas Costa<\/strong><br \/>\n<strong>CP: 29649<\/strong><br \/>\n<strong>NIF: B92141563<\/strong><br \/>\n<strong>Tel.: +34 952 931 781<\/strong><br \/>\n<strong>E-mail: sandrawrightson@decottalaw.net<\/strong><br \/>\n<strong>Registro mercantil: Reg. Merc. de Malaga, Hoja MA-42299, Tomo 2550, Folio 66<\/strong><\/p>\n","protected":false},"excerpt":{"rendered":"<p>\u00a0 INFORMACION GENERAL. Por medio del presente aviso DE COTTA MCKENNA Y SANTAFE S.L.P. \u00a0(en adelante, \u201cDE COTTA LAW\u201d con CIF B92141563 y domicilio social en Centro Comercial Valdepinos 1-3A, Urbanizaci\u00f3n Calypso, 29649 Mijas Costa (Espa\u00f1a), le informa sobre cu\u00e1l &hellip; <a href=\"https:\/\/decottalaw.com\/es\/privacy\/\">Continuado<\/a><\/p>\n","protected":false},"author":2,"featured_media":0,"parent":0,"menu_order":0,"comment_status":"open","ping_status":"open","template":"","meta":{"footnotes":""},"yoast_head":"<!-- This site is optimized with the Yoast SEO plugin v24.5 - https:\/\/yoast.com\/wordpress\/plugins\/seo\/ -->\n<title>POL\u00cdTICA DE PRIVACIDAD - De Cotta Law<\/title>\n<meta name=\"robots\" content=\"index, follow, max-snippet:-1, max-image-preview:large, max-video-preview:-1\" \/>\n<link rel=\"canonical\" href=\"https:\/\/decottalaw.com\/es\/privacy\/\" \/>\n<meta property=\"og:locale\" content=\"es_ES\" \/>\n<meta property=\"og:type\" content=\"article\" \/>\n<meta property=\"og:title\" content=\"POL\u00cdTICA DE PRIVACIDAD - De Cotta Law\" \/>\n<meta property=\"og:description\" content=\"\u00a0 INFORMACION GENERAL. Por medio del presente aviso DE COTTA MCKENNA Y SANTAFE S.L.P. \u00a0(en adelante, \u201cDE COTTA LAW\u201d con CIF B92141563 y domicilio social en Centro Comercial Valdepinos 1-3A, Urbanizaci\u00f3n Calypso, 29649 Mijas Costa (Espa\u00f1a), le informa sobre cu\u00e1l &hellip; Continuado\" \/>\n<meta property=\"og:url\" content=\"https:\/\/decottalaw.com\/es\/privacy\/\" \/>\n<meta property=\"og:site_name\" content=\"De Cotta Law\" \/>\n<meta property=\"article:publisher\" content=\"https:\/\/www.facebook.com\/DeCottaLaw\" \/>\n<meta property=\"article:modified_time\" content=\"2018-10-08T08:03:07+00:00\" \/>\n<meta name=\"twitter:card\" content=\"summary_large_image\" \/>\n<meta name=\"twitter:site\" content=\"@DeCottaLaw\" \/>\n<meta name=\"twitter:label1\" content=\"Est. reading time\" \/>\n\t<meta name=\"twitter:data1\" content=\"7 minutos\" \/>\n<script type=\"application\/ld+json\" class=\"yoast-schema-graph\">{\"@context\":\"https:\/\/schema.org\",\"@graph\":[{\"@type\":\"WebPage\",\"@id\":\"https:\/\/decottalaw.com\/es\/privacy\/\",\"url\":\"https:\/\/decottalaw.com\/es\/privacy\/\",\"name\":\"POL\u00cdTICA DE PRIVACIDAD - De Cotta Law\",\"isPartOf\":{\"@id\":\"https:\/\/decottalaw.com\/#website\"},\"datePublished\":\"2014-04-14T08:14:01+00:00\",\"dateModified\":\"2018-10-08T08:03:07+00:00\",\"breadcrumb\":{\"@id\":\"https:\/\/decottalaw.com\/es\/privacy\/#breadcrumb\"},\"inLanguage\":\"es\",\"potentialAction\":[{\"@type\":\"ReadAction\",\"target\":[\"https:\/\/decottalaw.com\/es\/privacy\/\"]}]},{\"@type\":\"BreadcrumbList\",\"@id\":\"https:\/\/decottalaw.com\/es\/privacy\/#breadcrumb\",\"itemListElement\":[{\"@type\":\"ListItem\",\"position\":1,\"name\":\"De Cotta\",\"item\":\"https:\/\/decottalaw.com\/es\/\"},{\"@type\":\"ListItem\",\"position\":2,\"name\":\"POL\u00cdTICA DE PRIVACIDAD\"}]},{\"@type\":\"WebSite\",\"@id\":\"https:\/\/decottalaw.com\/#website\",\"url\":\"https:\/\/decottalaw.com\/\",\"name\":\"De Cotta Law\",\"description\":\"Spanish and English lawyers and legal services in Spain\",\"potentialAction\":[{\"@type\":\"SearchAction\",\"target\":{\"@type\":\"EntryPoint\",\"urlTemplate\":\"https:\/\/decottalaw.com\/?s={search_term_string}\"},\"query-input\":{\"@type\":\"PropertyValueSpecification\",\"valueRequired\":true,\"valueName\":\"search_term_string\"}}],\"inLanguage\":\"es\"}]}<\/script>\n<!-- \/ Yoast SEO plugin. -->","yoast_head_json":{"title":"POL\u00cdTICA DE PRIVACIDAD - De Cotta Law","robots":{"index":"index","follow":"follow","max-snippet":"max-snippet:-1","max-image-preview":"max-image-preview:large","max-video-preview":"max-video-preview:-1"},"canonical":"https:\/\/decottalaw.com\/es\/privacy\/","og_locale":"es_ES","og_type":"article","og_title":"POL\u00cdTICA DE PRIVACIDAD - De Cotta Law","og_description":"\u00a0 INFORMACION GENERAL. Por medio del presente aviso DE COTTA MCKENNA Y SANTAFE S.L.P. \u00a0(en adelante, \u201cDE COTTA LAW\u201d con CIF B92141563 y domicilio social en Centro Comercial Valdepinos 1-3A, Urbanizaci\u00f3n Calypso, 29649 Mijas Costa (Espa\u00f1a), le informa sobre cu\u00e1l &hellip; Continuado","og_url":"https:\/\/decottalaw.com\/es\/privacy\/","og_site_name":"De Cotta Law","article_publisher":"https:\/\/www.facebook.com\/DeCottaLaw","article_modified_time":"2018-10-08T08:03:07+00:00","twitter_card":"summary_large_image","twitter_site":"@DeCottaLaw","twitter_misc":{"Est. reading time":"7 minutos"},"schema":{"@context":"https:\/\/schema.org","@graph":[{"@type":"WebPage","@id":"https:\/\/decottalaw.com\/es\/privacy\/","url":"https:\/\/decottalaw.com\/es\/privacy\/","name":"POL\u00cdTICA DE PRIVACIDAD - De Cotta Law","isPartOf":{"@id":"https:\/\/decottalaw.com\/#website"},"datePublished":"2014-04-14T08:14:01+00:00","dateModified":"2018-10-08T08:03:07+00:00","breadcrumb":{"@id":"https:\/\/decottalaw.com\/es\/privacy\/#breadcrumb"},"inLanguage":"es","potentialAction":[{"@type":"ReadAction","target":["https:\/\/decottalaw.com\/es\/privacy\/"]}]},{"@type":"BreadcrumbList","@id":"https:\/\/decottalaw.com\/es\/privacy\/#breadcrumb","itemListElement":[{"@type":"ListItem","position":1,"name":"De Cotta","item":"https:\/\/decottalaw.com\/es\/"},{"@type":"ListItem","position":2,"name":"POL\u00cdTICA DE PRIVACIDAD"}]},{"@type":"WebSite","@id":"https:\/\/decottalaw.com\/#website","url":"https:\/\/decottalaw.com\/","name":"De Cotta Law","description":"Spanish and English lawyers and legal services in Spain","potentialAction":[{"@type":"SearchAction","target":{"@type":"EntryPoint","urlTemplate":"https:\/\/decottalaw.com\/?s={search_term_string}"},"query-input":{"@type":"PropertyValueSpecification","valueRequired":true,"valueName":"search_term_string"}}],"inLanguage":"es"}]}},"_links":{"self":[{"href":"https:\/\/decottalaw.com\/es\/wp-json\/wp\/v2\/pages\/1009"}],"collection":[{"href":"https:\/\/decottalaw.com\/es\/wp-json\/wp\/v2\/pages"}],"about":[{"href":"https:\/\/decottalaw.com\/es\/wp-json\/wp\/v2\/types\/page"}],"author":[{"embeddable":true,"href":"https:\/\/decottalaw.com\/es\/wp-json\/wp\/v2\/users\/2"}],"replies":[{"embeddable":true,"href":"https:\/\/decottalaw.com\/es\/wp-json\/wp\/v2\/comments?post=1009"}],"version-history":[{"count":0,"href":"https:\/\/decottalaw.com\/es\/wp-json\/wp\/v2\/pages\/1009\/revisions"}],"wp:attachment":[{"href":"https:\/\/decottalaw.com\/es\/wp-json\/wp\/v2\/media?parent=1009"}],"curies":[{"name":"wp","href":"https:\/\/api.w.org\/{rel}","templated":true}]}}