{"id":136,"date":"2014-03-17T15:15:57","date_gmt":"2014-03-17T15:15:57","guid":{"rendered":"http:\/\/decotta.wpsine-dev.com\/home-2\/"},"modified":"2024-10-29T13:43:36","modified_gmt":"2024-10-29T13:43:36","slug":"home","status":"publish","type":"page","link":"https:\/\/decottalaw.com\/fr\/","title":{"rendered":"Home"},"content":{"rendered":"\n\n\n<div id=\"wpv-view-layout-74\" class=\"js-wpv-view-layout js-wpv-layout-responsive js-wpv-view-layout-74\" data-viewnumber=\"74\" data-pagination=\"{&quot;id&quot;:74,&quot;query&quot;:&quot;normal&quot;,&quot;type&quot;:&quot;disabled&quot;,&quot;effect&quot;:&quot;fade&quot;,&quot;duration&quot;:500,&quot;speed&quot;:5,&quot;pause_on_hover&quot;:&quot;disabled&quot;,&quot;stop_rollover&quot;:&quot;false&quot;,&quot;cache_pages&quot;:&quot;enabled&quot;,&quot;preload_images&quot;:&quot;enabled&quot;,&quot;preload_pages&quot;:&quot;enabled&quot;,&quot;preload_reach&quot;:1,&quot;spinner&quot;:&quot;builtin&quot;,&quot;spinner_image&quot;:&quot;https:\/\/decottalaw.com\/wp-content\/plugins\/wp-views\/res\/img\/ajax-loader.gif&quot;,&quot;callback_next&quot;:&quot;&quot;,&quot;manage_history&quot;:&quot;disabled&quot;,&quot;has_controls_in_form&quot;:&quot;disabled&quot;,&quot;infinite_tolerance&quot;:&quot;0&quot;,&quot;max_pages&quot;:0,&quot;page&quot;:1,&quot;base_permalink&quot;:&quot;\/fr\/wp-json\/wp\/v2\/pages\/136?wpv_view_count=74&amp;wpv_paged=WPV_PAGE_NUM&quot;,&quot;loop&quot;:{&quot;type&quot;:&quot;&quot;,&quot;name&quot;:&quot;&quot;,&quot;data&quot;:[],&quot;id&quot;:0}}\" data-permalink=\"\/fr\/wp-json\/wp\/v2\/pages\/136?wpv_view_count=74\">\n\n\t\n\t\n\t<nav role=\"navigation\" class=\"services-home clearfix\">\n    <ul class=\"list-unstyled\">\n      \n        <li>\n  \t\t\t\t<div class=\"service-item\">\r\n\t<a href=\"https:\/\/decottalaw.com\/fr\/service\/property-land-conveyancing-law-spain-canary-islands\/\" title=\"Droit Immobilier et la Proc\u00e9dure Translative de Propri\u00e9t\u00e9\">\r\n\t\t<i class=\"fa fa-home\"><\/i>\r\n\t\t<h3>Droit Immobilier et la Proc\u00e9dure Translative de Propri\u00e9t\u00e9<\/h3>\r\n\t<\/a>  \r\n<\/div>       \t\t\n        <\/li>\n      \n        <li>\n  \t\t\t\t<div class=\"service-item\">\r\n\t<a href=\"https:\/\/decottalaw.com\/fr\/service\/family-divorce\/\" title=\"Droit de la Famille et l&rsquo;Enl\u00e8vement d&rsquo;enfants\">\r\n\t\t<i class=\"fa fa-users\"><\/i>\r\n\t\t<h3>Droit de la Famille et l&rsquo;Enl\u00e8vement d&rsquo;enfants<\/h3>\r\n\t<\/a>  \r\n<\/div>       \t\t\n        <\/li>\n      \n        <li>\n  \t\t\t\t<div class=\"service-item\">\r\n\t<a href=\"https:\/\/decottalaw.com\/fr\/service\/personal-injury\/\" title=\"La r\u00e9paration du pr\u00e9judice personnel\">\r\n\t\t<i class=\"fa fa-medkit\"><\/i>\r\n\t\t<h3>La r\u00e9paration du pr\u00e9judice personnel<\/h3>\r\n\t<\/a>  \r\n<\/div>       \t\t\n        <\/li>\n      \n        <li>\n  \t\t\t\t<div class=\"service-item\">\r\n\t<a href=\"https:\/\/decottalaw.com\/fr\/service\/wills-probate\/\" title=\"Planification successorale et successions internationales\">\r\n\t\t<i class=\"fa fa-gavel\"><\/i>\r\n\t\t<h3>Planification successorale et successions internationales<\/h3>\r\n\t<\/a>  \r\n<\/div>       \t\t\n        <\/li>\n      \n        <li>\n  \t\t\t\t<div class=\"service-item\">\r\n\t<a href=\"https:\/\/decottalaw.com\/fr\/service\/timeshare-fractionals\/\" title=\"L\u2019acquisition \u00e0 temps partiel de biens immobiliers\">\r\n\t\t<i class=\"fa fa-clock-o\"><\/i>\r\n\t\t<h3>L\u2019acquisition \u00e0 temps partiel de biens immobiliers<\/h3>\r\n\t<\/a>  \r\n<\/div>       \t\t\n        <\/li>\n      \n        <li>\n  \t\t\t\t<div class=\"service-item\">\r\n\t<a href=\"https:\/\/decottalaw.com\/fr\/service\/commercial-employment\/\" title=\"Soci\u00e9t\u00e9s et Commerce\">\r\n\t\t<i class=\"fa fa-building-o\"><\/i>\r\n\t\t<h3>Soci\u00e9t\u00e9s et Commerce<\/h3>\r\n\t<\/a>  \r\n<\/div>       \t\t\n        <\/li>\n      \n        <li>\n  \t\t\t\t<div class=\"service-item\">\r\n\t<a href=\"https:\/\/decottalaw.com\/fr\/service\/civil-litigation\/\" title=\"Droit Civil\">\r\n\t\t<i class=\"fa fa-briefcase\"><\/i>\r\n\t\t<h3>Droit Civil<\/h3>\r\n\t<\/a>  \r\n<\/div>       \t\t\n        <\/li>\n      \n        <li>\n  \t\t\t\t<div class=\"service-item\">\r\n\t<a href=\"https:\/\/decottalaw.com\/fr\/service\/tax\/\" title=\"Tax Law\">\r\n\t\t<i class=\"fa fa-money\"><\/i>\r\n\t\t<h3>Tax Law<\/h3>\r\n\t<\/a>  \r\n<\/div>       \t\t\n        <\/li>\n      \n        <li>\n  \t\t\t\t<div class=\"service-item\">\r\n\t<a href=\"https:\/\/decottalaw.com\/fr\/service\/criminal-litigation\/\" title=\"Droit Penal\">\r\n\t\t<i class=\"fa fa-key\"><\/i>\r\n\t\t<h3>Droit Penal<\/h3>\r\n\t<\/a>  \r\n<\/div>       \t\t\n        <\/li>\n      \n        <li>\n  \t\t\t\t<div class=\"service-item\">\r\n\t<a href=\"https:\/\/decottalaw.com\/fr\/service\/ley-bancaria\/\" title=\"Droit Bancaire\">\r\n\t\t<i class=\"fa fa-home\"><\/i>\r\n\t\t<h3>Droit Bancaire<\/h3>\r\n\t<\/a>  \r\n<\/div>       \t\t\n        <\/li>\n      \n        <li>\n  \t\t\t\t<div class=\"service-item\">\r\n\t<a href=\"https:\/\/decottalaw.com\/fr\/service\/insolvency\/\" title=\"Insolvabilit\u00e9\">\r\n\t\t<i class=\"fa fa-eur\"><\/i>\r\n\t\t<h3>Insolvabilit\u00e9<\/h3>\r\n\t<\/a>  \r\n<\/div>       \t\t\n        <\/li>\n      \n        <li>\n  \t\t\t\t<div class=\"service-item\">\r\n\t<a href=\"https:\/\/decottalaw.com\/fr\/service\/events-opendays\/\" title=\"\u00c9v\u00e9nements\">\r\n\t\t<i class=\"fa fa-calendar\"><\/i>\r\n\t\t<h3>\u00c9v\u00e9nements<\/h3>\r\n\t<\/a>  \r\n<\/div>       \t\t\n        <\/li>\n      \n    <\/ul>\n  <\/nav>\n\t\n\t\n<\/div>\n<div class=\"home-text clearfix\">\n<h2>Spanish and English Lawyers in Spain &amp; Canary Islands<\/h2>\n<p>Solicitors and abogados serving the English speaking international community across Spain and its islands; including Costa de la Luz; Costa del Sol; Murcia; Costa Blanca and the Canary Islands.<\/p>\n<p>Clients like you turn to lawyers when truly professional assistance is needed with issues that really matter; both commercial and personal. So it is especially important that you choose the right law firm. Our firm has established an international reputation working with Spanish, UK, Dutch, Belgian and Scandinavian clients and with businesses and individuals from many other countries.<\/p>\n<p>We also offer a range of Professional Services for UK Solicitors and International Lawyers, provided across Spain and its Islands.<\/p>\n<p>At De Cotta Law, we speak your language. Email us at <a href=\"mailto:info@decottalaw.net\">info@decottalaw.net<\/a><\/p>\n<p>&nbsp;<\/p>\n<p><a href=\"https:\/\/decottalaw.com\/who-we-are\/\">Read more about De Cotta Law<\/a><\/p>\n<\/div>\n<div class=\"offices-home\">\n<h2>Trouver un bureau pr\u00e8s de chez vous<\/h2>\n<div class=\"row\">\n<div class=\"col-sm-7\">\n          <div id=\"wpv-view-layout-458\" class=\"js-wpv-view-layout js-wpv-layout-responsive js-wpv-view-layout-458\" data-viewnumber=\"458\" data-pagination=\"{&quot;id&quot;:458,&quot;query&quot;:&quot;normal&quot;,&quot;type&quot;:&quot;disabled&quot;,&quot;effect&quot;:&quot;fade&quot;,&quot;duration&quot;:500,&quot;speed&quot;:5,&quot;pause_on_hover&quot;:&quot;disabled&quot;,&quot;stop_rollover&quot;:&quot;false&quot;,&quot;cache_pages&quot;:&quot;enabled&quot;,&quot;preload_images&quot;:&quot;enabled&quot;,&quot;preload_pages&quot;:&quot;enabled&quot;,&quot;preload_reach&quot;:1,&quot;spinner&quot;:&quot;builtin&quot;,&quot;spinner_image&quot;:&quot;https:\/\/decottalaw.com\/wp-content\/plugins\/wp-views\/res\/img\/ajax-loader.gif&quot;,&quot;callback_next&quot;:&quot;&quot;,&quot;manage_history&quot;:&quot;disabled&quot;,&quot;has_controls_in_form&quot;:&quot;disabled&quot;,&quot;infinite_tolerance&quot;:&quot;0&quot;,&quot;max_pages&quot;:0,&quot;page&quot;:1,&quot;base_permalink&quot;:&quot;\/fr\/wp-json\/wp\/v2\/pages\/136?wpv_view_count=458&amp;wpv_paged=WPV_PAGE_NUM&quot;,&quot;loop&quot;:{&quot;type&quot;:&quot;&quot;,&quot;name&quot;:&quot;&quot;,&quot;data&quot;:[],&quot;id&quot;:0}}\" data-permalink=\"\/fr\/wp-json\/wp\/v2\/pages\/136?wpv_view_count=458\">\n\n\n\t<ul id=\"js-map-elements\" class=\"penninsular-map list-inline\">\n\t\t\n\t<li data-marker-title=\"Co\u00edn office\" data-marker-lat=\"36.674111\" data-marker-lon=\"-4.732472\" data-marker-id=\"558\">\r\n\t\t<div class=\"btn-group\">\r\n\t\t  <button type=\"button\" class=\"btn btn-xs\"><a href=\"https:\/\/decottalaw.com\/fr\/office\/coin\/\" title=\"Co\u00edn office office details\">Co\u00edn office<\/a><\/button>\r\n\t\t  <button type=\"button\" class=\"btn btn-xs\"><a class=\"js-map-center-map\" title=\"Locate on map\"><i class=\"fa fa-crosshairs\"><\/i><\/a><\/button>\r\n\t\t<\/div>\r\n\t\t<div class=\"office-infoWin js-map-infowindow-html\">\r\n\t\t\t<h3>Co\u00edn office<\/h3>\r\n      <dl class=\"office-contact\">  \t\r\n\t\r\n\t<dt>Phone :<\/dt><dd>(+34) 951 315 161<\/dd>\r\n\t\r\n\t\r\n\t\t\t\r\n\t<dt>Email :<\/dt><dd><a href=\"mailto:coin@decottalaw.net\" title=\"coin@decottalaw.net\">coin@decottalaw.net<\/a><\/dd>\r\n\t\r\n<\/dl>\r\n      <a href=\"https:\/\/decottalaw.com\/fr\/office\/coin\/\" class=\"pull-right\">d\u00e9tails du bureau<\/a>\r\n\t\t<\/div>\t\t\t\t\r\n\t<\/li>\t\n\t\t\n\t<li data-marker-title=\"Nerja\" data-marker-lat=\"36.745333\" data-marker-lon=\"-3.878556\" data-marker-id=\"568\">\r\n\t\t<div class=\"btn-group\">\r\n\t\t  <button type=\"button\" class=\"btn btn-xs\"><a href=\"https:\/\/decottalaw.com\/fr\/office\/nerja\/\" title=\"Nerja office details\">Nerja<\/a><\/button>\r\n\t\t  <button type=\"button\" class=\"btn btn-xs\"><a class=\"js-map-center-map\" title=\"Locate on map\"><i class=\"fa fa-crosshairs\"><\/i><\/a><\/button>\r\n\t\t<\/div>\r\n\t\t<div class=\"office-infoWin js-map-infowindow-html\">\r\n\t\t\t<h3>Nerja<\/h3>\r\n      <dl class=\"office-contact\">  \t\r\n\t\r\n\t<dt>Phone :<\/dt><dd>(+34) 952 527 014<\/dd>\r\n\t\r\n\t\r\n\t\t\t\r\n\t<dt>Email :<\/dt><dd><a href=\"mailto:nerja@decottalaw.net\" title=\"nerja@decottalaw.net\">nerja@decottalaw.net<\/a><\/dd>\r\n\t\r\n<\/dl>\r\n      <a href=\"https:\/\/decottalaw.com\/fr\/office\/nerja\/\" class=\"pull-right\">d\u00e9tails du bureau<\/a>\r\n\t\t<\/div>\t\t\t\t\r\n\t<\/li>\t\n\t\t\n\t<li data-marker-title=\"Granada office\" data-marker-lat=\"37.177322\" data-marker-lon=\"-3.599671\" data-marker-id=\"563\">\r\n\t\t<div class=\"btn-group\">\r\n\t\t  <button type=\"button\" class=\"btn btn-xs\"><a href=\"https:\/\/decottalaw.com\/fr\/office\/granada\/\" title=\"Granada office office details\">Granada office<\/a><\/button>\r\n\t\t  <button type=\"button\" class=\"btn btn-xs\"><a class=\"js-map-center-map\" title=\"Locate on map\"><i class=\"fa fa-crosshairs\"><\/i><\/a><\/button>\r\n\t\t<\/div>\r\n\t\t<div class=\"office-infoWin js-map-infowindow-html\">\r\n\t\t\t<h3>Granada office<\/h3>\r\n      <dl class=\"office-contact\">  \t\r\n\t\r\n\t<dt>Phone :<\/dt><dd>(+34) 952 527 014<\/dd>\r\n\t\r\n\t\r\n\t\t\t\r\n\t<dt>Email :<\/dt><dd><a href=\"mailto:granada@decottalaw.net\" title=\"granada@decottalaw.net\">granada@decottalaw.net<\/a><\/dd>\r\n\t\r\n<\/dl>\r\n      <a href=\"https:\/\/decottalaw.com\/fr\/office\/granada\/\" class=\"pull-right\">d\u00e9tails du bureau<\/a>\r\n\t\t<\/div>\t\t\t\t\r\n\t<\/li>\t\n\t\t\n\t<li data-marker-title=\"Mijas-Costa \/ Calahonda\" data-marker-lat=\"36.489892\" data-marker-lon=\"-4.712123\" data-marker-id=\"553\">\r\n\t\t<div class=\"btn-group\">\r\n\t\t  <button type=\"button\" class=\"btn btn-xs\"><a href=\"https:\/\/decottalaw.com\/fr\/office\/mijas-calahonda\/\" title=\"Mijas-Costa \/ Calahonda office details\">Mijas-Costa \/ Calahonda<\/a><\/button>\r\n\t\t  <button type=\"button\" class=\"btn btn-xs\"><a class=\"js-map-center-map\" title=\"Locate on map\"><i class=\"fa fa-crosshairs\"><\/i><\/a><\/button>\r\n\t\t<\/div>\r\n\t\t<div class=\"office-infoWin js-map-infowindow-html\">\r\n\t\t\t<h3>Mijas-Costa \/ Calahonda<\/h3>\r\n      <dl class=\"office-contact\">  \t\r\n\t\r\n\t<dt>Phone :<\/dt><dd>+34 952 931 781<\/dd>\r\n\t\r\n\t\r\n\t\t\t\r\n\t<dt>Email :<\/dt><dd><a href=\"mailto:mijas@decottalaw.net\" title=\"mijas@decottalaw.net\">mijas@decottalaw.net<\/a><\/dd>\r\n\t\r\n<\/dl>\r\n      <a href=\"https:\/\/decottalaw.com\/fr\/office\/mijas-calahonda\/\" class=\"pull-right\">d\u00e9tails du bureau<\/a>\r\n\t\t<\/div>\t\t\t\t\r\n\t<\/li>\t\n\t\t\n\t<\/ul>\n\n\n<\/div><\/p>\n<div id=\"js-main-map-canvas\" class=\"google-maps offices-home-map-height\"><\/div>\n<\/p><\/div>\n<div class=\"col-sm-5\">\n          <div id=\"wpv-view-layout-459\" class=\"js-wpv-view-layout js-wpv-layout-responsive js-wpv-view-layout-459\" data-viewnumber=\"459\" data-pagination=\"{&quot;id&quot;:459,&quot;query&quot;:&quot;normal&quot;,&quot;type&quot;:&quot;disabled&quot;,&quot;effect&quot;:&quot;fade&quot;,&quot;duration&quot;:500,&quot;speed&quot;:5,&quot;pause_on_hover&quot;:&quot;disabled&quot;,&quot;stop_rollover&quot;:&quot;false&quot;,&quot;cache_pages&quot;:&quot;enabled&quot;,&quot;preload_images&quot;:&quot;enabled&quot;,&quot;preload_pages&quot;:&quot;enabled&quot;,&quot;preload_reach&quot;:1,&quot;spinner&quot;:&quot;builtin&quot;,&quot;spinner_image&quot;:&quot;https:\/\/decottalaw.com\/wp-content\/plugins\/wp-views\/res\/img\/ajax-loader.gif&quot;,&quot;callback_next&quot;:&quot;&quot;,&quot;manage_history&quot;:&quot;disabled&quot;,&quot;has_controls_in_form&quot;:&quot;disabled&quot;,&quot;infinite_tolerance&quot;:&quot;0&quot;,&quot;max_pages&quot;:0,&quot;page&quot;:1,&quot;base_permalink&quot;:&quot;\/fr\/wp-json\/wp\/v2\/pages\/136?wpv_view_count=459&amp;wpv_paged=WPV_PAGE_NUM&quot;,&quot;loop&quot;:{&quot;type&quot;:&quot;&quot;,&quot;name&quot;:&quot;&quot;,&quot;data&quot;:[],&quot;id&quot;:0}}\" data-permalink=\"\/fr\/wp-json\/wp\/v2\/pages\/136?wpv_view_count=459\">\n\n\n<\/div><\/p>\n<div id=\"js-main-map-canvas-2\" class=\"google-maps offices-home-map-height\"><\/div>\n<\/p><\/div>\n<\/p><\/div>\n<\/div>\n\n","protected":false},"excerpt":{"rendered":"<p>Spanish and English Lawyers in Spain &amp; Canary Islands Solicitors and abogados serving the English speaking international community across Spain and its islands; including Costa de la Luz; Costa del Sol; Murcia; Costa Blanca and the Canary Islands. Clients like &hellip; <a href=\"https:\/\/decottalaw.com\/fr\/\">Suite<\/a><\/p>\n","protected":false},"author":2,"featured_media":0,"parent":0,"menu_order":-1,"comment_status":"open","ping_status":"open","template":"page-noheader.php","meta":{"footnotes":""},"yoast_head":"<!-- This site is optimized with the Yoast SEO plugin v24.5 - https:\/\/yoast.com\/wordpress\/plugins\/seo\/ -->\n<title>Home - De Cotta Law<\/title>\n<meta name=\"robots\" content=\"index, follow, max-snippet:-1, max-image-preview:large, max-video-preview:-1\" \/>\n<link rel=\"canonical\" href=\"https:\/\/decottalaw.com\/fr\/\" \/>\n<meta property=\"og:locale\" content=\"fr_FR\" \/>\n<meta property=\"og:type\" content=\"article\" \/>\n<meta property=\"og:title\" content=\"Home - De Cotta Law\" \/>\n<meta property=\"og:description\" content=\"Spanish and English Lawyers in Spain &amp; Canary Islands Solicitors and abogados serving the English speaking international community across Spain and its islands; including Costa de la Luz; Costa del Sol; Murcia; Costa Blanca and the Canary Islands. Clients like &hellip; Suite\" \/>\n<meta property=\"og:url\" content=\"https:\/\/decottalaw.com\/fr\/\" \/>\n<meta property=\"og:site_name\" content=\"De Cotta Law\" \/>\n<meta property=\"article:publisher\" content=\"https:\/\/www.facebook.com\/DeCottaLaw\" \/>\n<meta property=\"article:modified_time\" content=\"2024-10-29T13:43:36+00:00\" \/>\n<meta name=\"twitter:card\" content=\"summary_large_image\" \/>\n<meta name=\"twitter:site\" content=\"@DeCottaLaw\" \/>\n<meta name=\"twitter:label1\" content=\"Est. reading time\" \/>\n\t<meta name=\"twitter:data1\" content=\"1 minute\" \/>\n<script type=\"application\/ld+json\" class=\"yoast-schema-graph\">{\"@context\":\"https:\/\/schema.org\",\"@graph\":[{\"@type\":\"WebPage\",\"@id\":\"https:\/\/decottalaw.com\/fr\/\",\"url\":\"https:\/\/decottalaw.com\/fr\/\",\"name\":\"Home - De Cotta Law\",\"isPartOf\":{\"@id\":\"https:\/\/decottalaw.com\/#website\"},\"datePublished\":\"2014-03-17T15:15:57+00:00\",\"dateModified\":\"2024-10-29T13:43:36+00:00\",\"breadcrumb\":{\"@id\":\"https:\/\/decottalaw.com\/fr\/#breadcrumb\"},\"inLanguage\":\"fr-FR\",\"potentialAction\":[{\"@type\":\"ReadAction\",\"target\":[\"https:\/\/decottalaw.com\/fr\/\"]}]},{\"@type\":\"BreadcrumbList\",\"@id\":\"https:\/\/decottalaw.com\/fr\/#breadcrumb\",\"itemListElement\":[{\"@type\":\"ListItem\",\"position\":1,\"name\":\"De Cotta\",\"item\":\"https:\/\/decottalaw.com\/fr\/\"},{\"@type\":\"ListItem\",\"position\":2,\"name\":\"Home\"}]},{\"@type\":\"WebSite\",\"@id\":\"https:\/\/decottalaw.com\/#website\",\"url\":\"https:\/\/decottalaw.com\/\",\"name\":\"De Cotta Law\",\"description\":\"Spanish and English lawyers and legal services in Spain\",\"potentialAction\":[{\"@type\":\"SearchAction\",\"target\":{\"@type\":\"EntryPoint\",\"urlTemplate\":\"https:\/\/decottalaw.com\/?s={search_term_string}\"},\"query-input\":{\"@type\":\"PropertyValueSpecification\",\"valueRequired\":true,\"valueName\":\"search_term_string\"}}],\"inLanguage\":\"fr-FR\"}]}<\/script>\n<!-- \/ Yoast SEO plugin. -->","yoast_head_json":{"title":"Home - De Cotta Law","robots":{"index":"index","follow":"follow","max-snippet":"max-snippet:-1","max-image-preview":"max-image-preview:large","max-video-preview":"max-video-preview:-1"},"canonical":"https:\/\/decottalaw.com\/fr\/","og_locale":"fr_FR","og_type":"article","og_title":"Home - De Cotta Law","og_description":"Spanish and English Lawyers in Spain &amp; Canary Islands Solicitors and abogados serving the English speaking international community across Spain and its islands; including Costa de la Luz; Costa del Sol; Murcia; Costa Blanca and the Canary Islands. Clients like &hellip; Suite","og_url":"https:\/\/decottalaw.com\/fr\/","og_site_name":"De Cotta Law","article_publisher":"https:\/\/www.facebook.com\/DeCottaLaw","article_modified_time":"2024-10-29T13:43:36+00:00","twitter_card":"summary_large_image","twitter_site":"@DeCottaLaw","twitter_misc":{"Est. reading time":"1 minute"},"schema":{"@context":"https:\/\/schema.org","@graph":[{"@type":"WebPage","@id":"https:\/\/decottalaw.com\/fr\/","url":"https:\/\/decottalaw.com\/fr\/","name":"Home - De Cotta Law","isPartOf":{"@id":"https:\/\/decottalaw.com\/#website"},"datePublished":"2014-03-17T15:15:57+00:00","dateModified":"2024-10-29T13:43:36+00:00","breadcrumb":{"@id":"https:\/\/decottalaw.com\/fr\/#breadcrumb"},"inLanguage":"fr-FR","potentialAction":[{"@type":"ReadAction","target":["https:\/\/decottalaw.com\/fr\/"]}]},{"@type":"BreadcrumbList","@id":"https:\/\/decottalaw.com\/fr\/#breadcrumb","itemListElement":[{"@type":"ListItem","position":1,"name":"De Cotta","item":"https:\/\/decottalaw.com\/fr\/"},{"@type":"ListItem","position":2,"name":"Home"}]},{"@type":"WebSite","@id":"https:\/\/decottalaw.com\/#website","url":"https:\/\/decottalaw.com\/","name":"De Cotta Law","description":"Spanish and English lawyers and legal services in Spain","potentialAction":[{"@type":"SearchAction","target":{"@type":"EntryPoint","urlTemplate":"https:\/\/decottalaw.com\/?s={search_term_string}"},"query-input":{"@type":"PropertyValueSpecification","valueRequired":true,"valueName":"search_term_string"}}],"inLanguage":"fr-FR"}]}},"_links":{"self":[{"href":"https:\/\/decottalaw.com\/fr\/wp-json\/wp\/v2\/pages\/136"}],"collection":[{"href":"https:\/\/decottalaw.com\/fr\/wp-json\/wp\/v2\/pages"}],"about":[{"href":"https:\/\/decottalaw.com\/fr\/wp-json\/wp\/v2\/types\/page"}],"author":[{"embeddable":true,"href":"https:\/\/decottalaw.com\/fr\/wp-json\/wp\/v2\/users\/2"}],"replies":[{"embeddable":true,"href":"https:\/\/decottalaw.com\/fr\/wp-json\/wp\/v2\/comments?post=136"}],"version-history":[{"count":0,"href":"https:\/\/decottalaw.com\/fr\/wp-json\/wp\/v2\/pages\/136\/revisions"}],"wp:attachment":[{"href":"https:\/\/decottalaw.com\/fr\/wp-json\/wp\/v2\/media?parent=136"}],"curies":[{"name":"wp","href":"https:\/\/api.w.org\/{rel}","templated":true}]}}